{"id":8,"date":"2020-04-22T14:12:48","date_gmt":"2020-04-22T14:12:48","guid":{"rendered":"http:\/\/kameo.com.pl\/?page_id=8"},"modified":"2023-06-23T14:11:43","modified_gmt":"2023-06-23T14:11:43","slug":"strona-glowna","status":"publish","type":"page","link":"https:\/\/kameo.com.pl\/","title":{"rendered":"Strona g\u0142\u00f3wna"},"content":{"rendered":"<p>R\u0119cznie wykonane Drzewka Szcz\u0119\u015bcia z miedzi i kamieni naturalnych. R\u00f3\u017cne wielko\u015bci, kamienie i kolory.<\/p>\r\n<p><img loading=\"lazy\" decoding=\"async\" class=\"wp-image-237  aligncenter\" src=\"https:\/\/kameo.com.pl\/wp-content\/uploads\/2023\/06\/KAMEO-Drzewko-Szczescia-awentury4-225x300.png\" alt=\"\" width=\"412\" height=\"549\" srcset=\"https:\/\/kameo.com.pl\/wp-content\/uploads\/2023\/06\/KAMEO-Drzewko-Szczescia-awentury4-225x300.png 225w, https:\/\/kameo.com.pl\/wp-content\/uploads\/2023\/06\/KAMEO-Drzewko-Szczescia-awentury4-768x1024.png 768w, https:\/\/kameo.com.pl\/wp-content\/uploads\/2023\/06\/KAMEO-Drzewko-Szczescia-awentury4-1152x1536.png 1152w, https:\/\/kameo.com.pl\/wp-content\/uploads\/2023\/06\/KAMEO-Drzewko-Szczescia-awentury4-450x600.png 450w, https:\/\/kameo.com.pl\/wp-content\/uploads\/2023\/06\/KAMEO-Drzewko-Szczescia-awentury4-120x160.png 120w, https:\/\/kameo.com.pl\/wp-content\/uploads\/2023\/06\/KAMEO-Drzewko-Szczescia-awentury4.png 1500w\" sizes=\"(max-width: 412px) 100vw, 412px\" \/><\/p><p>&nbsp;<\/p>","protected":false},"excerpt":{"rendered":"<p>R\u0119cznie wykonane Drzewka Szcz\u0119\u015bcia z miedzi i kamieni naturalnych. R\u00f3\u017cne wielko\u015bci, kamienie i kolory. &nbsp;<\/p>\n","protected":false},"author":1,"featured_media":112,"parent":0,"menu_order":0,"comment_status":"closed","ping_status":"closed","template":"","meta":{"pagelayer_contact_templates":[],"_pagelayer_content":"","footnotes":""},"class_list":["post-8","page","type-page","status-publish","has-post-thumbnail","hentry"],"jetpack_sharing_enabled":true,"_links":{"self":[{"href":"https:\/\/kameo.com.pl\/index.php?rest_route=\/wp\/v2\/pages\/8"}],"collection":[{"href":"https:\/\/kameo.com.pl\/index.php?rest_route=\/wp\/v2\/pages"}],"about":[{"href":"https:\/\/kameo.com.pl\/index.php?rest_route=\/wp\/v2\/types\/page"}],"author":[{"embeddable":true,"href":"https:\/\/kameo.com.pl\/index.php?rest_route=\/wp\/v2\/users\/1"}],"replies":[{"embeddable":true,"href":"https:\/\/kameo.com.pl\/index.php?rest_route=%2Fwp%2Fv2%2Fcomments&post=8"}],"version-history":[{"count":9,"href":"https:\/\/kameo.com.pl\/index.php?rest_route=\/wp\/v2\/pages\/8\/revisions"}],"predecessor-version":[{"id":267,"href":"https:\/\/kameo.com.pl\/index.php?rest_route=\/wp\/v2\/pages\/8\/revisions\/267"}],"wp:featuredmedia":[{"embeddable":true,"href":"https:\/\/kameo.com.pl\/index.php?rest_route=\/wp\/v2\/media\/112"}],"wp:attachment":[{"href":"https:\/\/kameo.com.pl\/index.php?rest_route=%2Fwp%2Fv2%2Fmedia&parent=8"}],"curies":[{"name":"wp","href":"https:\/\/api.w.org\/{rel}","templated":true}]}}